{"id":1535,"date":"2026-03-28T14:41:02","date_gmt":"2026-03-28T19:41:02","guid":{"rendered":"https:\/\/shop.dotacionesindustriales.com\/full-dotaciones\/?page_id=1535"},"modified":"2026-04-05T14:26:32","modified_gmt":"2026-04-05T19:26:32","slug":"blog","status":"publish","type":"page","link":"https:\/\/shop.dotacionesindustriales.com\/full-dotaciones\/","title":{"rendered":"Blog"},"content":{"rendered":"<p>[et_pb_section fb_built=&#8221;1&#8243; _builder_version=&#8221;4.27.4&#8243; _module_preset=&#8221;default&#8221; global_colors_info=&#8221;{}&#8221;][et_pb_row _builder_version=&#8221;4.27.4&#8243; _module_preset=&#8221;default&#8221; global_colors_info=&#8221;{}&#8221;][et_pb_column type=&#8221;4_4&#8243; _builder_version=&#8221;4.27.4&#8243; _module_preset=&#8221;default&#8221; global_colors_info=&#8221;{}&#8221;][et_pb_text _builder_version=&#8221;4.27.4&#8243; _module_preset=&#8221;default&#8221; global_colors_info=&#8221;{}&#8221;]<\/p>\n<h1><b>Blog de Full Dotaciones<\/b><\/h1>\n<p>[\/et_pb_text][et_pb_image src=&#8221;https:\/\/shop.dotacionesindustriales.com\/full-dotaciones\/wp-content\/uploads\/sites\/3\/2026\/02\/Su-empresa-ya-esta-lista-para-el-nuevo-limite-de-dotacion-en-2026.jpg&#8221; alt=&#8221;Blog de Full Dotaciones &#8211; Vestimos tu Marca&#8221; title_text=&#8221;Blog de Full Dotaciones &#8211; Vestimos tu Marca&#8221; url=&#8221;http:\/\/dotacionesindustriales.com\/V16\/&#8221; align=&#8221;center&#8221; _builder_version=&#8221;4.27.4&#8243; _module_preset=&#8221;default&#8221; width=&#8221;100%&#8221; custom_padding=&#8221;10px||10px||true|false&#8221; animation_style=&#8221;slide&#8221; border_radii=&#8221;on|15px|15px|15px|15px&#8221; global_colors_info=&#8221;{}&#8221;][\/et_pb_image][et_pb_text _builder_version=&#8221;4.27.4&#8243; _module_preset=&#8221;default&#8221; global_colors_info=&#8221;{}&#8221;]<\/p>\n<p>Bienvenido al <strong>Blog de Full Dotaciones<\/strong>, tu espacio especializado en <strong>bienestar laboral<\/strong>, <strong>uniformes<\/strong> y <strong>soluciones<\/strong> integrales para el entorno empresarial moderno. En este portal, exploramos c\u00f3mo una dotaci\u00f3n adecuada no solo cumple con la normativa, sino que transforma la identidad de tu marca y mejora la calidad de vida de tu equipo. Acomp\u00e1\u00f1anos a descubrir las \u00faltimas tendencias en vestuario profesional y estrategias clave para optimizar la gesti\u00f3n de tu talento humano con eficiencia y estilo.<\/p>\n<p>[\/et_pb_text][\/et_pb_column][\/et_pb_row][et_pb_row _builder_version=&#8221;4.27.4&#8243; _module_preset=&#8221;default&#8221; global_colors_info=&#8221;{}&#8221;][et_pb_column type=&#8221;4_4&#8243; _builder_version=&#8221;4.27.4&#8243; _module_preset=&#8221;default&#8221; global_colors_info=&#8221;{}&#8221;][et_pb_blog fullwidth=&#8221;off&#8221; posts_number=&#8221;6&#8243; include_categories=&#8221;all&#8221; show_more=&#8221;on&#8221; show_author=&#8221;off&#8221; _builder_version=&#8221;4.27.4&#8243; _module_preset=&#8221;default&#8221; border_radii_image=&#8221;on|10px|10px|10px|10px&#8221; box_shadow_style_image=&#8221;preset1&#8243; global_colors_info=&#8221;{}&#8221;][\/et_pb_blog][\/et_pb_column][\/et_pb_row][et_pb_row _builder_version=&#8221;4.27.4&#8243; _module_preset=&#8221;default&#8221; background_video_mp4=&#8221;https:\/\/shop.dotacionesindustriales.com\/full-dotaciones\/wp-content\/uploads\/sites\/3\/2025\/09\/YOUTUBE-BANNER-VIDEO-1.mp4&#8243; background_enable_video_webm=&#8221;off&#8221; background_video_pause_outside_viewport=&#8221;off&#8221; link_option_url=&#8221;https:\/\/dotacionesindustriales.com\/V16\/es\/camisas\/200-camisa-formal-manga-larga-.html&#8221; global_colors_info=&#8221;{}&#8221;][et_pb_column type=&#8221;4_4&#8243; _builder_version=&#8221;4.27.4&#8243; _module_preset=&#8221;default&#8221; global_colors_info=&#8221;{}&#8221;][et_pb_image src=&#8221;https:\/\/shop.dotacionesindustriales.com\/full-dotaciones\/wp-content\/uploads\/sites\/3\/2025\/09\/Visita-Nuestro-Youtube-Full-Dotaciones.png&#8221; alt=&#8221;Visita Nuestro Youtube Full Dotaciones&#8221; title_text=&#8221;Visita Nuestro Youtube Full Dotaciones&#8221; url=&#8221;https:\/\/www.youtube.com\/@fulldotaciones&#8221; align=&#8221;center&#8221; _builder_version=&#8221;4.27.4&#8243; _module_preset=&#8221;default&#8221; custom_margin=&#8221;0px|0px|0px|0px|false|false&#8221; custom_padding=&#8221;|0px|0px|0px|false|false&#8221; global_colors_info=&#8221;{}&#8221;][\/et_pb_image][\/et_pb_column][\/et_pb_row][et_pb_row _builder_version=&#8221;4.27.4&#8243; _module_preset=&#8221;default&#8221; global_colors_info=&#8221;{}&#8221;][et_pb_column type=&#8221;4_4&#8243; _builder_version=&#8221;4.27.4&#8243; _module_preset=&#8221;default&#8221; global_colors_info=&#8221;{}&#8221;][et_pb_blog fullwidth=&#8221;off&#8221; posts_number=&#8221;6&#8243; include_categories=&#8221;all&#8221; show_more=&#8221;on&#8221; show_author=&#8221;off&#8221; offset_number=&#8221;6&#8243; _builder_version=&#8221;4.27.4&#8243; _module_preset=&#8221;default&#8221; border_radii_image=&#8221;on|10px|10px|10px|10px&#8221; box_shadow_style_image=&#8221;preset1&#8243; global_colors_info=&#8221;{}&#8221;][\/et_pb_blog][et_pb_image src=&#8221;https:\/\/shop.dotacionesindustriales.com\/full-dotaciones\/wp-content\/uploads\/sites\/3\/2026\/02\/Su-empresa-ya-esta-lista-para-el-nuevo-limite-de-dotacion-en-2026.jpg&#8221; alt=&#8221;Su empresa ya est\u00e1 lista para el nuevo l\u00edmite de dotaci\u00f3n en 2026&#8243; title_text=&#8221;Su empresa ya est\u00e1 lista para el nuevo l\u00edmite de dotaci\u00f3n en 2026&#8243; url=&#8221;http:\/\/dotacionesindustriales.com\/V16\/&#8221; align=&#8221;center&#8221; _builder_version=&#8221;4.27.4&#8243; _module_preset=&#8221;default&#8221; width=&#8221;100%&#8221; custom_padding=&#8221;10px||10px||true|false&#8221; animation_style=&#8221;slide&#8221; border_radii=&#8221;on|15px|15px|15px|15px&#8221; global_colors_info=&#8221;{}&#8221;][\/et_pb_image][\/et_pb_column][\/et_pb_row][\/et_pb_section]<\/p>\n","protected":false},"excerpt":{"rendered":"<p>Blog de Full DotacionesBienvenido al Blog de Full Dotaciones, tu espacio especializado en bienestar laboral, uniformes y soluciones integrales para el entorno empresarial moderno. En este portal, exploramos c\u00f3mo una dotaci\u00f3n adecuada no solo cumple con la normativa, sino que transforma la identidad de tu marca y mejora la calidad de vida de tu equipo. [&hellip;]<\/p>\n","protected":false},"author":1,"featured_media":1539,"parent":0,"menu_order":0,"comment_status":"closed","ping_status":"closed","template":"","meta":{"_et_pb_use_builder":"on","_et_pb_old_content":"","_et_gb_content_width":"","footnotes":""},"class_list":["post-1535","page","type-page","status-publish","has-post-thumbnail","hentry"],"_links":{"self":[{"href":"https:\/\/shop.dotacionesindustriales.com\/full-dotaciones\/wp-json\/wp\/v2\/pages\/1535","targetHints":{"allow":["GET"]}}],"collection":[{"href":"https:\/\/shop.dotacionesindustriales.com\/full-dotaciones\/wp-json\/wp\/v2\/pages"}],"about":[{"href":"https:\/\/shop.dotacionesindustriales.com\/full-dotaciones\/wp-json\/wp\/v2\/types\/page"}],"author":[{"embeddable":true,"href":"https:\/\/shop.dotacionesindustriales.com\/full-dotaciones\/wp-json\/wp\/v2\/users\/1"}],"replies":[{"embeddable":true,"href":"https:\/\/shop.dotacionesindustriales.com\/full-dotaciones\/wp-json\/wp\/v2\/comments?post=1535"}],"version-history":[{"count":6,"href":"https:\/\/shop.dotacionesindustriales.com\/full-dotaciones\/wp-json\/wp\/v2\/pages\/1535\/revisions"}],"predecessor-version":[{"id":1570,"href":"https:\/\/shop.dotacionesindustriales.com\/full-dotaciones\/wp-json\/wp\/v2\/pages\/1535\/revisions\/1570"}],"wp:featuredmedia":[{"embeddable":true,"href":"https:\/\/shop.dotacionesindustriales.com\/full-dotaciones\/wp-json\/wp\/v2\/media\/1539"}],"wp:attachment":[{"href":"https:\/\/shop.dotacionesindustriales.com\/full-dotaciones\/wp-json\/wp\/v2\/media?parent=1535"}],"curies":[{"name":"wp","href":"https:\/\/api.w.org\/{rel}","templated":true}]}}