{"id":341,"date":"2026-03-27T16:40:04","date_gmt":"2026-03-27T21:40:04","guid":{"rendered":"https:\/\/shop.dotacionesindustriales.com\/full-dotaciones\/?page_id=341"},"modified":"2026-03-28T13:03:41","modified_gmt":"2026-03-28T18:03:41","slug":"pagos-pse","status":"publish","type":"page","link":"https:\/\/shop.dotacionesindustriales.com\/full-dotaciones\/pagos-pse\/","title":{"rendered":"Pagos PSE"},"content":{"rendered":"<p>[et_pb_section fb_built=&#8221;1&#8243; _builder_version=&#8221;4.27.4&#8243; _module_preset=&#8221;default&#8221; custom_padding=&#8221;4px|||||&#8221; global_colors_info=&#8221;{}&#8221;][et_pb_row _builder_version=&#8221;4.27.4&#8243; _module_preset=&#8221;default&#8221; global_colors_info=&#8221;{}&#8221;][et_pb_column type=&#8221;4_4&#8243; _builder_version=&#8221;4.27.4&#8243; _module_preset=&#8221;default&#8221; global_colors_info=&#8221;{}&#8221;][et_pb_text _builder_version=&#8221;4.27.4&#8243; _module_preset=&#8221;default&#8221; global_colors_info=&#8221;{}&#8221;]<\/p>\n<h1 style=\"text-align: left;\"><strong>Pagos PSE Full Dotaciones<\/strong><\/h1>\n<h2>(Con el respaldo de Davivienda)<\/h2>\n<p>[\/et_pb_text][\/et_pb_column][\/et_pb_row][et_pb_row _builder_version=&#8221;4.27.4&#8243; _module_preset=&#8221;default&#8221; global_colors_info=&#8221;{}&#8221;][et_pb_column type=&#8221;4_4&#8243; _builder_version=&#8221;4.27.4&#8243; _module_preset=&#8221;default&#8221; global_colors_info=&#8221;{}&#8221;][et_pb_text _builder_version=&#8221;4.27.4&#8243; _module_preset=&#8221;default&#8221; global_colors_info=&#8221;{}&#8221;]<\/p>\n<p class=\"first:mt-1.5\" style=\"text-align: left;\">En <strong>Full Dotaciones<\/strong>, tu seguridad es nuestra prioridad. Realiza tu pago de forma r\u00e1pida y segura a trav\u00e9s de PSE, utilizando la plataforma de pagos de <strong>Davivienda<\/strong>.<\/p>\n<h4>\u00a0<\/h4>\n<p>[\/et_pb_text][et_pb_text _builder_version=&#8221;4.27.4&#8243; _module_preset=&#8221;default&#8221; global_colors_info=&#8221;{}&#8221;]<\/p>\n<h2 class=\"first:mt-1.5\" style=\"text-align: left;\"><strong class=\"\">\u00bfC\u00f3mo pagar?<\/strong><\/h2>\n<p>[\/et_pb_text][et_pb_text _builder_version=&#8221;4.27.4&#8243; _module_preset=&#8221;default&#8221; hover_enabled=&#8221;0&#8243; global_colors_info=&#8221;{}&#8221; sticky_enabled=&#8221;0&#8243;]<\/p>\n<ol class=\"list-decimal\">\n<li class=\"ml-4\">Haz clic en el bot\u00f3n PSE \u201cPagar con PSE\u201d. El sistema te llevar\u00e1 autom\u00e1ticamente al <strong>portal de pagos de Davivienda<\/strong>.<\/li>\n<li class=\"ml-4\">Verifica que el comercio sea: <strong>FULL DOTACIONES \u2013 CITYWORK DIGITAL SAS<\/strong>.<\/li>\n<li class=\"ml-4\">Ingresa el concepto de pago (puedes usar el n\u00famero de cotizaci\u00f3n o de factura), n\u00famero de identificaci\u00f3n (NIT o C\u00e9dula), valor total, nombre \u00f3 raz\u00f3n social y correo electr\u00f3nico.<\/li>\n<li class=\"ml-4\">Selecciona tu banco y sigue los pasos habituales de PSE para autorizar el pago.<\/li>\n<li class=\"ml-4\">Recibir\u00e1s el comprobante de confirmaci\u00f3n en tu correo electr\u00f3nico.<\/li>\n<\/ol>\n<p>[\/et_pb_text][\/et_pb_column][\/et_pb_row][et_pb_row make_equal=&#8221;on&#8221; _builder_version=&#8221;4.27.4&#8243; _module_preset=&#8221;default&#8221; global_colors_info=&#8221;{}&#8221;][et_pb_column type=&#8221;4_4&#8243; _builder_version=&#8221;4.27.4&#8243; _module_preset=&#8221;default&#8221; global_colors_info=&#8221;{}&#8221;][et_pb_text _builder_version=&#8221;4.27.4&#8243; _module_preset=&#8221;default&#8221; global_colors_info=&#8221;{}&#8221;]<\/p>\n<h2 class=\"first:mt-1.5\" style=\"text-align: left;\"><strong class=\"\">Pagar con PSE<\/strong><\/h2>\n<p>[\/et_pb_text][et_pb_image src=&#8221;https:\/\/shop.dotacionesindustriales.com\/full-dotaciones\/wp-content\/uploads\/sites\/3\/2025\/05\/Pagar-con-PSE.jpg&#8221; alt=&#8221;Pagar con PSE&#8221; title_text=&#8221;Pagar con PSE&#8221; url=&#8221;https:\/\/portalpagos.davivienda.com\/#\/comercio\/10562\/CITYWORK%20DIGITAL%20SAS&#8221; _builder_version=&#8221;4.27.4&#8243; _module_preset=&#8221;default&#8221; global_colors_info=&#8221;{}&#8221;][\/et_pb_image][\/et_pb_column][\/et_pb_row][et_pb_row _builder_version=&#8221;4.27.4&#8243; _module_preset=&#8221;default&#8221; global_colors_info=&#8221;{}&#8221;][et_pb_column type=&#8221;4_4&#8243; _builder_version=&#8221;4.27.4&#8243; _module_preset=&#8221;default&#8221; global_colors_info=&#8221;{}&#8221;][et_pb_text _builder_version=&#8221;4.27.4&#8243; _module_preset=&#8221;default&#8221; global_colors_info=&#8221;{}&#8221;]<\/p>\n<h2 class=\"first:mt-1.5\" style=\"text-align: left;\"><strong class=\"\">\u00bfDudas o inconvenientes?<\/strong><\/h2>\n<p>[\/et_pb_text][et_pb_text _builder_version=&#8221;4.27.4&#8243; _module_preset=&#8221;default&#8221; global_colors_info=&#8221;{}&#8221;]<\/p>\n<p class=\"first:mt-1.5\" style=\"text-align: left;\"><strong>Tel\u00e9fono:<\/strong> (+57) 601 3055621<br \/><strong>WhatsApp:<\/strong> +57 300 7036273<\/p>\n<h4>\u00a0<\/h4>\n<p>[\/et_pb_text][et_pb_text _builder_version=&#8221;4.27.4&#8243; _module_preset=&#8221;default&#8221; global_colors_info=&#8221;{}&#8221;]<\/p>\n<h5 class=\"first:mt-1.5\" style=\"text-align: left;\"><strong class=\"\">Pago 100% seguro | Soporte personalizado | Env\u00edos a toda Colombia<\/strong><\/h5>\n<p>[\/et_pb_text][\/et_pb_column][\/et_pb_row][\/et_pb_section]<\/p>\n","protected":false},"excerpt":{"rendered":"<p>Pagos PSE Full Dotaciones (Con el respaldo de Davivienda)En Full Dotaciones, tu seguridad es nuestra prioridad. Realiza tu pago de forma r\u00e1pida y segura a trav\u00e9s de PSE, utilizando la plataforma de pagos de Davivienda. \u00a0\u00bfC\u00f3mo pagar? Haz clic en el bot\u00f3n PSE \u201cPagar con PSE\u201d. El sistema te llevar\u00e1 autom\u00e1ticamente al portal de pagos [&hellip;]<\/p>\n","protected":false},"author":1,"featured_media":0,"parent":0,"menu_order":0,"comment_status":"closed","ping_status":"closed","template":"","meta":{"_et_pb_use_builder":"on","_et_pb_old_content":"","_et_gb_content_width":"","footnotes":""},"class_list":["post-341","page","type-page","status-publish","hentry"],"_links":{"self":[{"href":"https:\/\/shop.dotacionesindustriales.com\/full-dotaciones\/wp-json\/wp\/v2\/pages\/341","targetHints":{"allow":["GET"]}}],"collection":[{"href":"https:\/\/shop.dotacionesindustriales.com\/full-dotaciones\/wp-json\/wp\/v2\/pages"}],"about":[{"href":"https:\/\/shop.dotacionesindustriales.com\/full-dotaciones\/wp-json\/wp\/v2\/types\/page"}],"author":[{"embeddable":true,"href":"https:\/\/shop.dotacionesindustriales.com\/full-dotaciones\/wp-json\/wp\/v2\/users\/1"}],"replies":[{"embeddable":true,"href":"https:\/\/shop.dotacionesindustriales.com\/full-dotaciones\/wp-json\/wp\/v2\/comments?post=341"}],"version-history":[{"count":20,"href":"https:\/\/shop.dotacionesindustriales.com\/full-dotaciones\/wp-json\/wp\/v2\/pages\/341\/revisions"}],"predecessor-version":[{"id":1530,"href":"https:\/\/shop.dotacionesindustriales.com\/full-dotaciones\/wp-json\/wp\/v2\/pages\/341\/revisions\/1530"}],"wp:attachment":[{"href":"https:\/\/shop.dotacionesindustriales.com\/full-dotaciones\/wp-json\/wp\/v2\/media?parent=341"}],"curies":[{"name":"wp","href":"https:\/\/api.w.org\/{rel}","templated":true}]}}